{"id":931,"date":"2025-07-29T13:18:18","date_gmt":"2025-07-29T11:18:18","guid":{"rendered":"https:\/\/cienciajuridica.umh.es\/?page_id=931"},"modified":"2025-07-29T15:54:06","modified_gmt":"2025-07-29T13:54:06","slug":"galeria-de-imagenes","status":"publish","type":"page","link":"https:\/\/cienciajuridica.umh.es\/en\/actividades-2\/congreso-persona-sociedad-y-empresa-cuestiones-juridicas-actuales\/galeria-de-imagenes\/","title":{"rendered":"<span lang=\"es\">(Espa\u00f1ol) Galer\u00eda de im\u00e1genes<\/span>"},"content":{"rendered":"<p class=\"qtranxs-available-languages-message qtranxs-available-languages-message-en\">Sorry, this entry is only available in <a href=\"https:\/\/cienciajuridica.umh.es\/es\/wp-json\/wp\/v2\/pages\/931\" class=\"qtranxs-available-language-link qtranxs-available-language-link-es\" title=\"Espa\u00f1ol\">European Spanish<\/a>.<\/p>","protected":false},"excerpt":{"rendered":"<p>Sorry, this entry is only available in European Spanish.<\/p>\n","protected":false},"author":5726,"featured_media":0,"parent":803,"menu_order":250,"comment_status":"closed","ping_status":"closed","template":"","meta":{"_links_to":"","_links_to_target":""},"_links":{"self":[{"href":"https:\/\/cienciajuridica.umh.es\/en\/wp-json\/wp\/v2\/pages\/931"}],"collection":[{"href":"https:\/\/cienciajuridica.umh.es\/en\/wp-json\/wp\/v2\/pages"}],"about":[{"href":"https:\/\/cienciajuridica.umh.es\/en\/wp-json\/wp\/v2\/types\/page"}],"author":[{"embeddable":true,"href":"https:\/\/cienciajuridica.umh.es\/en\/wp-json\/wp\/v2\/users\/5726"}],"replies":[{"embeddable":true,"href":"https:\/\/cienciajuridica.umh.es\/en\/wp-json\/wp\/v2\/comments?post=931"}],"version-history":[{"count":0,"href":"https:\/\/cienciajuridica.umh.es\/en\/wp-json\/wp\/v2\/pages\/931\/revisions"}],"up":[{"embeddable":true,"href":"https:\/\/cienciajuridica.umh.es\/en\/wp-json\/wp\/v2\/pages\/803"}],"wp:attachment":[{"href":"https:\/\/cienciajuridica.umh.es\/en\/wp-json\/wp\/v2\/media?parent=931"}],"curies":[{"name":"wp","href":"https:\/\/api.w.org\/{rel}","templated":true}]}}