{"id":653,"date":"2019-02-07T11:10:24","date_gmt":"2019-02-07T10:10:24","guid":{"rendered":"https:\/\/cienciajuridica.umh.es\/?page_id=653"},"modified":"2019-02-09T12:14:18","modified_gmt":"2019-02-09T11:14:18","slug":"premio-profesor-ricardo-gomez-rivero-al-mejor-expediente-academico-en-derecho","status":"publish","type":"page","link":"https:\/\/cienciajuridica.umh.es\/ca\/actividades\/premio-profesor-ricardo-gomez-rivero-al-mejor-expediente-academico-en-derecho\/","title":{"rendered":"<span lang=\"es\">(Espa\u00f1ol) Premio profesor Ricardo G\u00f3mez Rivero al Mejor expediente acad\u00e9mico en el grado en Derecho-UMH<\/span>"},"content":{"rendered":"<p class=\"qtranxs-available-languages-message qtranxs-available-languages-message-ca\">Ho sentim, aquesta entrada es troba disponible \u00fanicament en <a href=\"https:\/\/cienciajuridica.umh.es\/es\/wp-json\/wp\/v2\/pages\/653\" class=\"qtranxs-available-language-link qtranxs-available-language-link-es\" title=\"Espa\u00f1ol\">Espanyol Europeu<\/a>.<\/p>","protected":false},"excerpt":{"rendered":"<p>Ho sentim, aquesta entrada es troba disponible \u00fanicament en Espanyol Europeu.<\/p>\n","protected":false},"author":50,"featured_media":0,"parent":52,"menu_order":0,"comment_status":"closed","ping_status":"closed","template":"","meta":{"_links_to":"","_links_to_target":""},"_links":{"self":[{"href":"https:\/\/cienciajuridica.umh.es\/ca\/wp-json\/wp\/v2\/pages\/653"}],"collection":[{"href":"https:\/\/cienciajuridica.umh.es\/ca\/wp-json\/wp\/v2\/pages"}],"about":[{"href":"https:\/\/cienciajuridica.umh.es\/ca\/wp-json\/wp\/v2\/types\/page"}],"author":[{"embeddable":true,"href":"https:\/\/cienciajuridica.umh.es\/ca\/wp-json\/wp\/v2\/users\/50"}],"replies":[{"embeddable":true,"href":"https:\/\/cienciajuridica.umh.es\/ca\/wp-json\/wp\/v2\/comments?post=653"}],"version-history":[{"count":0,"href":"https:\/\/cienciajuridica.umh.es\/ca\/wp-json\/wp\/v2\/pages\/653\/revisions"}],"up":[{"embeddable":true,"href":"https:\/\/cienciajuridica.umh.es\/ca\/wp-json\/wp\/v2\/pages\/52"}],"wp:attachment":[{"href":"https:\/\/cienciajuridica.umh.es\/ca\/wp-json\/wp\/v2\/media?parent=653"}],"curies":[{"name":"wp","href":"https:\/\/api.w.org\/{rel}","templated":true}]}}