{"id":443,"date":"2017-09-18T13:47:14","date_gmt":"2017-09-18T11:47:14","guid":{"rendered":"http:\/\/cienciajuridica.umh.es\/?page_id=443"},"modified":"2021-02-21T17:57:50","modified_gmt":"2021-02-21T16:57:50","slug":"jornada-innovacion-docente","status":"publish","type":"page","link":"https:\/\/cienciajuridica.umh.es\/ca\/actividades\/jornadas-de-innovacion-docente\/jornada-innovacion-docente\/","title":{"rendered":"<span lang=\"es\">(Espa\u00f1ol) Jornadas sobre Innovaci\u00f3n Docente y Ciencia Jur\u00eddica<\/span>"},"content":{"rendered":"<p><a href=\"https:\/\/cienciajuridica.umh.es\/files\/2017\/09\/IMG-20171204-WA0035.jpg\"><img loading=\"lazy\" src=\"https:\/\/cienciajuridica.umh.es\/files\/2017\/09\/IMG-20171204-WA0035-150x150.jpg\" alt=\"\" width=\"150\" height=\"150\" class=\"alignleft size-thumbnail wp-image-554\" \/><\/a><a href=\"https:\/\/cienciajuridica.umh.es\/files\/2017\/09\/IMG-20171204-WA0031.jpg\"><img loading=\"lazy\" src=\"https:\/\/cienciajuridica.umh.es\/files\/2017\/09\/IMG-20171204-WA0031-169x300.jpg\" alt=\"\" width=\"169\" height=\"300\" class=\"alignleft size-medium wp-image-551\" \/><\/a><a href=\"https:\/\/cienciajuridica.umh.es\/files\/2017\/09\/IMG-20171204-WA0004.jpg\"><img loading=\"lazy\" src=\"https:\/\/cienciajuridica.umh.es\/files\/2017\/09\/IMG-20171204-WA0004-300x225.jpg\" alt=\"\" width=\"300\" height=\"225\" class=\"alignleft size-medium wp-image-548\" srcset=\"https:\/\/cienciajuridica.umh.es\/files\/2017\/09\/IMG-20171204-WA0004-300x225.jpg 300w, https:\/\/cienciajuridica.umh.es\/files\/2017\/09\/IMG-20171204-WA0004-768x576.jpg 768w, https:\/\/cienciajuridica.umh.es\/files\/2017\/09\/IMG-20171204-WA0004-1024x768.jpg 1024w, https:\/\/cienciajuridica.umh.es\/files\/2017\/09\/IMG-20171204-WA0004.jpg 1600w\" sizes=\"(max-width: 300px) 100vw, 300px\" \/><\/a><\/p>","protected":false},"excerpt":{"rendered":"","protected":false},"author":50,"featured_media":0,"parent":602,"menu_order":10,"comment_status":"closed","ping_status":"closed","template":"","meta":{"_links_to":"","_links_to_target":""},"_links":{"self":[{"href":"https:\/\/cienciajuridica.umh.es\/ca\/wp-json\/wp\/v2\/pages\/443"}],"collection":[{"href":"https:\/\/cienciajuridica.umh.es\/ca\/wp-json\/wp\/v2\/pages"}],"about":[{"href":"https:\/\/cienciajuridica.umh.es\/ca\/wp-json\/wp\/v2\/types\/page"}],"author":[{"embeddable":true,"href":"https:\/\/cienciajuridica.umh.es\/ca\/wp-json\/wp\/v2\/users\/50"}],"replies":[{"embeddable":true,"href":"https:\/\/cienciajuridica.umh.es\/ca\/wp-json\/wp\/v2\/comments?post=443"}],"version-history":[{"count":0,"href":"https:\/\/cienciajuridica.umh.es\/ca\/wp-json\/wp\/v2\/pages\/443\/revisions"}],"up":[{"embeddable":true,"href":"https:\/\/cienciajuridica.umh.es\/ca\/wp-json\/wp\/v2\/pages\/602"}],"wp:attachment":[{"href":"https:\/\/cienciajuridica.umh.es\/ca\/wp-json\/wp\/v2\/media?parent=443"}],"curies":[{"name":"wp","href":"https:\/\/api.w.org\/{rel}","templated":true}]}}