{"id":4,"date":"2013-03-15T14:15:03","date_gmt":"2013-03-15T13:15:03","guid":{"rendered":"http:\/\/cienciajuridica.zeus.umh.es\/presentacion\/"},"modified":"2021-02-21T18:18:59","modified_gmt":"2021-02-21T17:18:59","slug":"presentacion","status":"publish","type":"page","link":"https:\/\/cienciajuridica.umh.es\/ca\/presentacion\/","title":{"rendered":"Presentaci\u00f3"},"content":{"rendered":"<p><\/p>\n<p><p style=\"text-align: justify\"><a href=\"https:\/\/cienciajuridica.umh.es\/files\/2013\/03\/Edificio-Torrevaillo-20130314_F1.jpg\"><img loading=\"lazy\" class=\"size-medium wp-image-9 alignright\" title=\"Edificio Torrevaillo 20130314_F(1)\" src=\"https:\/\/cienciajuridica.umh.es\/files\/2013\/03\/Edificio-Torrevaillo-20130314_F1-300x200.jpg\" alt=\"\" width=\"300\" height=\"200\" srcset=\"https:\/\/cienciajuridica.umh.es\/files\/2013\/03\/Edificio-Torrevaillo-20130314_F1-300x200.jpg 300w, https:\/\/cienciajuridica.umh.es\/files\/2013\/03\/Edificio-Torrevaillo-20130314_F1-1024x682.jpg 1024w\" sizes=\"(max-width: 300px) 100vw, 300px\" \/><\/a><strong>El Departament de Ci\u00e8ncies Jur\u00eddiques compr\u00e9n les distintes disciplines jur\u00eddiques que s&#8217;impartixen en la nostra universitat. Les \u00e0rees de coneixement cobertes per este Departament s&#8217;impartixen principalment en la Llicenciatura en Dret, encara que en certa manera tamb\u00e9 participa en Ci\u00e8ncies Pol\u00edtiques i Administraci\u00f3 P\u00fablica, Periodisme, Relacions Laborals i Recursos Humans. <\/strong><\/p>\n<p style=\"text-align: justify\"><strong>De la mateixa manera, el personal docent col\u00b7labora en l&#8217;organitzaci\u00f3 i l&#8217;ensenyan\u00e7a de diferents M\u00e0ster i cursos de postgrau en la UMH i, junt amb altres Universitats. <\/strong><\/p>\n<p style=\"text-align: justify\"><strong>El departament d&#8217;investigaci\u00f3 se centra en el desenrotllament de projectes innovadors i competitius en relaci\u00f3 amb les q\u00fcestions pertanyents a l&#8217;\u00e0mbit jur\u00eddic, la participaci\u00f3 en grups d&#8217;investigaci\u00f3 nacionals i internacionals. Els estudis comparatius de la llei s\u00f3n una part important de la formaci\u00f3 cient\u00edfica del personal acad\u00e8mic.<\/strong><\/p>\n<\/p>\n<p><\/p>","protected":false},"excerpt":{"rendered":"<p>El Departament de Ci\u00e8ncies Jur\u00eddiques compr\u00e9n les distintes disciplines jur\u00eddiques que s&#8217;impartixen en la nostra universitat. Les \u00e0rees de coneixement cobertes per este Departament s&#8217;impartixen principalment en la Llicenciatura en Dret, encara que en certa manera tamb\u00e9 participa en Ci\u00e8ncies Pol\u00edtiques i Administraci\u00f3 P\u00fablica, Periodisme, Relacions Laborals i Recursos Humans.<br \/>\nDe la mateixa manera, el [&#8230;]<\/p>\n","protected":false},"author":1,"featured_media":0,"parent":0,"menu_order":0,"comment_status":"closed","ping_status":"open","template":"","meta":{"_links_to":"","_links_to_target":""},"_links":{"self":[{"href":"https:\/\/cienciajuridica.umh.es\/ca\/wp-json\/wp\/v2\/pages\/4"}],"collection":[{"href":"https:\/\/cienciajuridica.umh.es\/ca\/wp-json\/wp\/v2\/pages"}],"about":[{"href":"https:\/\/cienciajuridica.umh.es\/ca\/wp-json\/wp\/v2\/types\/page"}],"author":[{"embeddable":true,"href":"https:\/\/cienciajuridica.umh.es\/ca\/wp-json\/wp\/v2\/users\/1"}],"replies":[{"embeddable":true,"href":"https:\/\/cienciajuridica.umh.es\/ca\/wp-json\/wp\/v2\/comments?post=4"}],"version-history":[{"count":0,"href":"https:\/\/cienciajuridica.umh.es\/ca\/wp-json\/wp\/v2\/pages\/4\/revisions"}],"wp:attachment":[{"href":"https:\/\/cienciajuridica.umh.es\/ca\/wp-json\/wp\/v2\/media?parent=4"}],"curies":[{"name":"wp","href":"https:\/\/api.w.org\/{rel}","templated":true}]}}